{"id":1817,"date":"2021-08-03T10:13:51","date_gmt":"2021-08-03T10:13:51","guid":{"rendered":"https:\/\/dev.trespassar.pt\/?page_id=1817"},"modified":"2021-09-24T10:28:25","modified_gmt":"2021-09-24T10:28:25","slug":"sobre-nos","status":"publish","type":"page","link":"https:\/\/dev.trespassar.pt\/en\/sobre-nos\/","title":{"rendered":"ABOUT US"},"content":{"rendered":"<body><section class=\"kc-elm kc-css-245742 kc_row\"><div class=\"kc-row-container  kc-container\"><div class=\"kc-wrap-columns\"><div class=\"kc-elm kc-css-157823 kc_col-sm-12 kc_column kc_col-sm-12\"><div class=\"kc-col-container\"><div class=\"af-title text-center\">\r\n\t<h3 class=\"af-heading\">About us<\/h3>\r\n\t<\/div><div class=\"kc-elm kc-css-184417 kc_text_block\"><p>Trespassar.pt is a website exclusively for ads about selling businesses and companies.<\/p>\n<p>Out main goal is to bring the owners, who want to sell their business or company, to potential investors who are looking for excelent opportunities.<\/p>\n<p>Our vision is to be a portal of reference to those who need to advertise their business in a safe and effective way, as well as showcase a diversified offer to those who visit us as a entrepreneur.<\/p>\n<p>\n<\/div><\/div><\/div><\/div><\/div><\/section>\n<\/p><\/body>","protected":false},"excerpt":{"rendered":"","protected":false},"author":1,"featured_media":0,"parent":0,"menu_order":0,"comment_status":"closed","ping_status":"closed","template":"page-tpl_full_width_builder.php","meta":{"om_disable_all_campaigns":false,"_monsterinsights_skip_tracking":false,"_monsterinsights_sitenote_active":false,"_monsterinsights_sitenote_note":"","_monsterinsights_sitenote_category":0,"footnotes":""},"class_list":["post-1817","page","type-page","status-publish","hentry"],"yoast_head":"<!-- This site is optimized with the Yoast SEO plugin v25.6 - https:\/\/yoast.com\/wordpress\/plugins\/seo\/ -->\n<title>SOBRE N\u00d3S - Trespassar.pt<\/title>\n<meta name=\"robots\" content=\"index, follow, max-snippet:-1, max-image-preview:large, max-video-preview:-1\" \/>\n<link rel=\"canonical\" href=\"https:\/\/dev.trespassar.pt\/en\/sobre-nos\/\" \/>\n<meta property=\"og:locale\" content=\"en_US\" \/>\n<meta property=\"og:type\" content=\"article\" \/>\n<meta property=\"og:title\" content=\"SOBRE N\u00d3S - Trespassar.pt\" \/>\n<meta property=\"og:description\" content=\"Sobre n\u00f3s O Trespassar.pt \u00e9 um site exclusivamente para an\u00fancios de venda de neg\u00f3cios e empresas. O nosso principal objetivo \u00e9 aproximar os propriet\u00e1rios, que pretendem vender o seu neg\u00f3cio ou empresa, de potenciais investidores em busca de excelentes oportunidades. Temos como vis\u00e3o ser um portal de refer\u00eancia para quem necessita de divulgar o seu...\" \/>\n<meta property=\"og:url\" content=\"https:\/\/dev.trespassar.pt\/en\/sobre-nos\/\" \/>\n<meta property=\"og:site_name\" content=\"Trespassar.pt\" \/>\n<meta property=\"article:modified_time\" content=\"2021-09-24T10:28:25+00:00\" \/>\n<meta name=\"twitter:card\" content=\"summary_large_image\" \/>\n<script type=\"application\/ld+json\" class=\"yoast-schema-graph\">{\"@context\":\"https:\/\/schema.org\",\"@graph\":[{\"@type\":\"WebPage\",\"@id\":\"https:\/\/dev.trespassar.pt\/sobre-nos\/\",\"url\":\"https:\/\/dev.trespassar.pt\/sobre-nos\/\",\"name\":\"SOBRE N\u00d3S - Trespassar.pt\",\"isPartOf\":{\"@id\":\"https:\/\/dev.trespassar.pt\/#website\"},\"datePublished\":\"2021-08-03T10:13:51+00:00\",\"dateModified\":\"2021-09-24T10:28:25+00:00\",\"breadcrumb\":{\"@id\":\"https:\/\/dev.trespassar.pt\/sobre-nos\/#breadcrumb\"},\"inLanguage\":\"en-US\",\"potentialAction\":[{\"@type\":\"ReadAction\",\"target\":[\"https:\/\/dev.trespassar.pt\/sobre-nos\/\"]}]},{\"@type\":\"BreadcrumbList\",\"@id\":\"https:\/\/dev.trespassar.pt\/sobre-nos\/#breadcrumb\",\"itemListElement\":[{\"@type\":\"ListItem\",\"position\":1,\"name\":\"Home\",\"item\":\"https:\/\/dev.trespassar.pt\/\"},{\"@type\":\"ListItem\",\"position\":2,\"name\":\"SOBRE N\u00d3S\"}]},{\"@type\":\"WebSite\",\"@id\":\"https:\/\/dev.trespassar.pt\/#website\",\"url\":\"https:\/\/dev.trespassar.pt\/\",\"name\":\"Trespassar.pt\",\"description\":\"\",\"potentialAction\":[{\"@type\":\"SearchAction\",\"target\":{\"@type\":\"EntryPoint\",\"urlTemplate\":\"https:\/\/dev.trespassar.pt\/?s={search_term_string}\"},\"query-input\":{\"@type\":\"PropertyValueSpecification\",\"valueRequired\":true,\"valueName\":\"search_term_string\"}}],\"inLanguage\":\"en-US\"}]}<\/script>\n<!-- \/ Yoast SEO plugin. -->","yoast_head_json":{"title":"SOBRE N\u00d3S - Trespassar.pt","robots":{"index":"index","follow":"follow","max-snippet":"max-snippet:-1","max-image-preview":"max-image-preview:large","max-video-preview":"max-video-preview:-1"},"canonical":"https:\/\/dev.trespassar.pt\/en\/sobre-nos\/","og_locale":"en_US","og_type":"article","og_title":"SOBRE N\u00d3S - Trespassar.pt","og_description":"Sobre n\u00f3s O Trespassar.pt \u00e9 um site exclusivamente para an\u00fancios de venda de neg\u00f3cios e empresas. O nosso principal objetivo \u00e9 aproximar os propriet\u00e1rios, que pretendem vender o seu neg\u00f3cio ou empresa, de potenciais investidores em busca de excelentes oportunidades. Temos como vis\u00e3o ser um portal de refer\u00eancia para quem necessita de divulgar o seu...","og_url":"https:\/\/dev.trespassar.pt\/en\/sobre-nos\/","og_site_name":"Trespassar.pt","article_modified_time":"2021-09-24T10:28:25+00:00","twitter_card":"summary_large_image","schema":{"@context":"https:\/\/schema.org","@graph":[{"@type":"WebPage","@id":"https:\/\/dev.trespassar.pt\/sobre-nos\/","url":"https:\/\/dev.trespassar.pt\/sobre-nos\/","name":"SOBRE N\u00d3S - Trespassar.pt","isPartOf":{"@id":"https:\/\/dev.trespassar.pt\/#website"},"datePublished":"2021-08-03T10:13:51+00:00","dateModified":"2021-09-24T10:28:25+00:00","breadcrumb":{"@id":"https:\/\/dev.trespassar.pt\/sobre-nos\/#breadcrumb"},"inLanguage":"en-US","potentialAction":[{"@type":"ReadAction","target":["https:\/\/dev.trespassar.pt\/sobre-nos\/"]}]},{"@type":"BreadcrumbList","@id":"https:\/\/dev.trespassar.pt\/sobre-nos\/#breadcrumb","itemListElement":[{"@type":"ListItem","position":1,"name":"Home","item":"https:\/\/dev.trespassar.pt\/"},{"@type":"ListItem","position":2,"name":"SOBRE N\u00d3S"}]},{"@type":"WebSite","@id":"https:\/\/dev.trespassar.pt\/#website","url":"https:\/\/dev.trespassar.pt\/","name":"Trespassar.pt","description":"","potentialAction":[{"@type":"SearchAction","target":{"@type":"EntryPoint","urlTemplate":"https:\/\/dev.trespassar.pt\/?s={search_term_string}"},"query-input":{"@type":"PropertyValueSpecification","valueRequired":true,"valueName":"search_term_string"}}],"inLanguage":"en-US"}]}},"jetpack_sharing_enabled":true,"_links":{"self":[{"href":"https:\/\/dev.trespassar.pt\/en\/wp-json\/wp\/v2\/pages\/1817"}],"collection":[{"href":"https:\/\/dev.trespassar.pt\/en\/wp-json\/wp\/v2\/pages"}],"about":[{"href":"https:\/\/dev.trespassar.pt\/en\/wp-json\/wp\/v2\/types\/page"}],"author":[{"embeddable":true,"href":"https:\/\/dev.trespassar.pt\/en\/wp-json\/wp\/v2\/users\/1"}],"replies":[{"embeddable":true,"href":"https:\/\/dev.trespassar.pt\/en\/wp-json\/wp\/v2\/comments?post=1817"}],"version-history":[{"count":6,"href":"https:\/\/dev.trespassar.pt\/en\/wp-json\/wp\/v2\/pages\/1817\/revisions"}],"predecessor-version":[{"id":2827,"href":"https:\/\/dev.trespassar.pt\/en\/wp-json\/wp\/v2\/pages\/1817\/revisions\/2827"}],"wp:attachment":[{"href":"https:\/\/dev.trespassar.pt\/en\/wp-json\/wp\/v2\/media?parent=1817"}],"curies":[{"name":"wp","href":"https:\/\/api.w.org\/{rel}","templated":true}]}}