{"id":1843,"date":"2021-08-16T12:44:58","date_gmt":"2021-08-16T12:44:58","guid":{"rendered":"https:\/\/dev.trespassar.pt\/?page_id=1843"},"modified":"2021-10-04T08:35:13","modified_gmt":"2021-10-04T08:35:13","slug":"precario","status":"publish","type":"page","link":"https:\/\/dev.trespassar.pt\/en\/precario\/","title":{"rendered":"PRICES"},"content":{"rendered":"<body>\t\t<div data-elementor-type=\"wp-page\" data-elementor-id=\"1843\" class=\"elementor elementor-1843\">\n\t\t\t\t\t\t<section class=\"elementor-section elementor-top-section elementor-element elementor-element-91c4e09 elementor-section-boxed elementor-section-height-default elementor-section-height-default\" data-id=\"91c4e09\" data-element_type=\"section\" data-e-type=\"section\">\n\t\t\t\t\t\t<div class=\"elementor-container elementor-column-gap-default\">\n\t\t\t\t\t<div class=\"elementor-column elementor-col-100 elementor-top-column elementor-element elementor-element-27ea059\" data-id=\"27ea059\" data-element_type=\"column\" data-e-type=\"column\">\n\t\t\t<div class=\"elementor-widget-wrap elementor-element-populated\">\n\t\t\t\t\t\t<div class=\"elementor-element elementor-element-cc8b6ce elementor-widget elementor-widget-text-editor\" data-id=\"cc8b6ce\" data-element_type=\"widget\" data-e-type=\"widget\" data-widget_type=\"text-editor.default\">\n\t\t\t\t<div class=\"elementor-widget-container\">\n\t\t\t\t\t\t\t\t\t<style type=\"text\/css\">@media only screen and (min-width: 1000px) and (max-width: 5000px){body.kc-css-system .kc-css-114689{width: 25%;}body.kc-css-system .kc-css-1778448{width: 25%;}body.kc-css-system .kc-css-2576235{width: 25%;}body.kc-css-system .kc-css-3104576{width: 25%;}body.kc-css-system .kc-css-1293515{width: 25%;}body.kc-css-system .kc-css-4342805{width: 25%;}body.kc-css-system .kc-css-910716{width: 25%;}body.kc-css-system .kc-css-2791117{width: 25%;}}<\/style>\n\n<section class=\"kc-elm kc-css-3559176 kc_row\">\n<div class=\"kc-row-container\">\n<div class=\"kc-wrap-columns\">\n<div class=\"kc-elm kc-css-4324248 kc_col-sm-12 kc_column kc_col-sm-12\">\n<div class=\"kc-col-container\">\n<div class=\"af-title text-center\">\n<h2 class=\"af-heading\">PRICES<\/h2>\n<\/div>\n<div class=\"kc-elm kc-css-1059156 kc_row kc_row_inner\">\n<div class=\"kc-elm kc-css-114689 kc_col-sm-3 kc_column_inner kc_col-sm-3\">\n<div class=\"kc_wrapper kc-col-inner-container\">\n<div class=\"white-block price-table-element hover-shadow\">\n<div class=\"price-table-price\">\n\n19.99<span class=\"price-symbol\"> \u20ac<\/span>\n<p class=\"tax-included\">*VAT included<\/p>\n\n<\/div>\n<div class=\"price-table-title\">\n<h5>Standard \u2013 1 an\u00fancio<\/h5>\n<\/div>\n<div class=\"price-table-content\">Purchase this package to top up your account with the number of corresponding ads.<\/div>\n<\/div>\n<\/div>\n<\/div>\n<div class=\"kc-elm kc-css-1778448 kc_col-sm-3 kc_column_inner kc_col-sm-3\">\n<div class=\"kc_wrapper kc-col-inner-container\">\n<div class=\"white-block price-table-element hover-shadow active-price-table\">\n<div class=\"price-table-price\">\n\n44.99<span class=\"price-symbol\"> \u20ac<\/span>\n<p class=\"tax-included\">*VAT included<\/p>\n\n<\/div>\n<div class=\"price-table-title\">\n<h5>Silver \u2013 3 an\u00fancios<\/h5>\n<\/div>\n<div class=\"price-table-content\">Purchase this package to top up your account with the number of corresponding ads.<\/div>\n<\/div>\n<\/div>\n<\/div>\n<div class=\"kc-elm kc-css-2576235 kc_col-sm-3 kc_column_inner kc_col-sm-3\">\n<div class=\"kc_wrapper kc-col-inner-container\">\n<div class=\"white-block price-table-element hover-shadow\">\n<div class=\"price-table-price\">\n\n99.99<span class=\"price-symbol\"> \u20ac<\/span>\n<p class=\"tax-included\">*VAT included<\/p>\n\n<\/div>\n<div class=\"price-table-title\">\n<h5>Gold \u2013 10 an\u00fancios<\/h5>\n<\/div>\n<div class=\"price-table-content\">Purchase this package to top up your account with the number of corresponding ads.<\/div>\n<\/div>\n<\/div>\n<\/div>\n<div class=\"kc-elm kc-css-3104576 kc_col-sm-3 kc_column_inner kc_col-sm-3\">\n<div class=\"kc_wrapper kc-col-inner-container\">\n<div class=\"white-block price-table-element hover-shadow active-price-table\">\n<div class=\"price-table-price\">\n\n239.99<span class=\"price-symbol\"> \u20ac<\/span>\n<p class=\"tax-included\">*VAT included<\/p>\n\n<\/div>\n<div class=\"price-table-title\">\n<h5>Premium \u2013 25 an\u00fancios<\/h5>\n<\/div>\n<div class=\"price-table-content\">Purchase this package to top up your account with the number of corresponding ads.<\/div>\n<\/div>\n<\/div>\n<\/div>\n<\/div>\n<\/div>\n<\/div>\n<\/div>\n<\/div>\n<\/section>\t\t\t\t\t\t\t\t<\/div>\n\t\t\t\t<\/div>\n\t\t\t\t\t<\/div>\n\t\t<\/div>\n\t\t\t\t\t<\/div>\n\t\t<\/section>\n\t\t\t\t<section class=\"elementor-section elementor-top-section elementor-element elementor-element-172dba2 elementor-section-boxed elementor-section-height-default elementor-section-height-default\" data-id=\"172dba2\" data-element_type=\"section\" data-e-type=\"section\">\n\t\t\t\t\t\t<div class=\"elementor-container elementor-column-gap-default\">\n\t\t\t\t\t<div class=\"elementor-column elementor-col-100 elementor-top-column elementor-element elementor-element-46aafbd\" data-id=\"46aafbd\" data-element_type=\"column\" data-e-type=\"column\">\n\t\t\t<div class=\"elementor-widget-wrap elementor-element-populated\">\n\t\t\t\t\t\t<div class=\"elementor-element elementor-element-2756c3e elementor-widget elementor-widget-text-editor\" data-id=\"2756c3e\" data-element_type=\"widget\" data-e-type=\"widget\" data-widget_type=\"text-editor.default\">\n\t\t\t\t<div class=\"elementor-widget-container\">\n\t\t\t\t\t\t\t\t\t<style type=\"text\/css\">@media only screen and (min-width: 1000px) and (max-width: 5000px){body.kc-css-system .kc-css-114689{width: 25%;}body.kc-css-system .kc-css-1778448{width: 25%;}body.kc-css-system .kc-css-2576235{width: 25%;}body.kc-css-system .kc-css-3104576{width: 25%;}body.kc-css-system .kc-css-1293515{width: 25%;}body.kc-css-system .kc-css-4342805{width: 25%;}body.kc-css-system .kc-css-910716{width: 25%;}body.kc-css-system .kc-css-2791117{width: 25%;}}<\/style>\n\n<section class=\"kc-elm kc-css-3559176 kc_row\">\n<div class=\"kc-row-container\">\n<div class=\"kc-wrap-columns\">\n<div class=\"kc-elm kc-css-4324248 kc_col-sm-12 kc_column kc_col-sm-12\">\n<div class=\"kc-col-container\">\n<div class=\"af-title text-center\">\n<h2 class=\"af-heading\">HIGHLIGHTS PRICES<\/h2>\n<\/div>\n<div class=\"kc-elm kc-css-1059156 kc_row kc_row_inner\">\n<div class=\"kc-elm kc-css-114689 kc_col-sm-3 kc_column_inner kc_col-sm-3\">\n<div class=\"kc_wrapper kc-col-inner-container\">\n<div class=\"white-block price-table-element hover-shadow\">\n<div class=\"price-table-price\">\n\n10.99<span class=\"price-symbol\"> \u20ac<\/span>\n<p class=\"tax-included\">*VAT included<\/p>\n\n<\/div>\n<div class=\"price-table-title\">\n<h5>7 days<\/h5>\n<\/div>\n<div class=\"price-table-content conteudoPriceTable\">\n<span class=\"aficon-caret-right-0\"><\/span>\u00a0Highlight on the home page<br><br>\n<span class=\"aficon-caret-right-0\"><\/span>\u00a0Highlight on the ads page<br><br>\n<span class=\"aficon-caret-right-0\"><\/span>\u00a0Post on our Facebook page\n<\/div>\n\n<\/div>\n<\/div>\n<\/div>\n<div class=\"kc-elm kc-css-1778448 kc_col-sm-3 kc_column_inner kc_col-sm-3\">\n<div class=\"kc_wrapper kc-col-inner-container\">\n<div class=\"white-block price-table-element hover-shadow active-price-table\">\n<div class=\"price-table-price\">\n\n14.99<span class=\"price-symbol\"> \u20ac<\/span>\n<p class=\"tax-included\">*VAT included<\/p>\n\n<\/div>\n<div class=\"price-table-title\">\n<h5>15 days<\/h5>\n<\/div>\n<div class=\"price-table-content conteudoPriceTable\">\n<span class=\"aficon-caret-right-0\"><\/span>\u00a0Highlight on the home page<br><br>\n<span class=\"aficon-caret-right-0\"><\/span>\u00a0Highlight on the ads page<br><br>\n<span class=\"aficon-caret-right-0\"><\/span>\u00a0Post on our Facebook page<\/div>\n\n<\/div>\n<\/div>\n<\/div>\n<div class=\"kc-elm kc-css-2576235 kc_col-sm-3 kc_column_inner kc_col-sm-3\">\n<div class=\"kc_wrapper kc-col-inner-container\">\n<div class=\"white-block price-table-element hover-shadow\">\n<div class=\"price-table-price\">\n\n24.99<span class=\"price-symbol\"> \u20ac<\/span>\n<p class=\"tax-included\">*VAT included<\/p>\n\n<\/div>\n<div class=\"price-table-title\">\n<h5>1 month<\/h5>\n<\/div>\n<div class=\"price-table-content conteudoPriceTable\">\n<span class=\"aficon-caret-right-0\"><\/span>\u00a0Highlight on the home page<br><br>\n<span class=\"aficon-caret-right-0\"><\/span>\u00a0Highlight on the ads page<br><br>\n<span class=\"aficon-caret-right-0\"><\/span>\u00a0Post on our Facebook page<br><br>\n<span class=\"aficon-caret-right-0\"><\/span>\u00a0Sent in newsletter<br><br>\n<span class=\"aficon-caret-right-0\"><\/span>\u00a0Technical support via email\n<\/div>\n\n<\/div>\n<\/div>\n<\/div>\n<div class=\"kc-elm kc-css-3104576 kc_col-sm-3 kc_column_inner kc_col-sm-3\">\n<div class=\"kc_wrapper kc-col-inner-container\">\n<div class=\"white-block price-table-element hover-shadow active-price-table\">\n<div class=\"price-table-price\">\n\n59.99<span class=\"price-symbol\"> \u20ac<\/span>\n<p class=\"tax-included\">*VAT included<\/p>\n\n<\/div>\n<div class=\"price-table-title\">\n<h5>3 months<\/h5>\n<\/div>\n<div class=\"price-table-content conteudoPriceTable\">\n<span class=\"aficon-caret-right-0\"><\/span>\u00a0Highlight on the home page<br><br>\n<span class=\"aficon-caret-right-0\"><\/span>\u00a0Highlight on the ads page<br><br>\n<span class=\"aficon-caret-right-0\"><\/span>\u00a0Post on our Facebook page<br><br>\n<span class=\"aficon-caret-right-0\"><\/span>\u00a0Sent in newsletter<br><br>\n<span class=\"aficon-caret-right-0\"><\/span>\u00a0Technical support via email\n<\/div>\n\n\n<\/div>\n<\/div>\n<\/div>\n<\/div>\n<\/div>\n<\/div>\n<\/div>\n<\/div>\n<\/section>\t\t\t\t\t\t\t\t<\/div>\n\t\t\t\t<\/div>\n\t\t\t\t\t<\/div>\n\t\t<\/div>\n\t\t\t\t\t<\/div>\n\t\t<\/section>\n\t\t\t\t<\/div>\n\t\t<\/body>","protected":false},"excerpt":{"rendered":"","protected":false},"author":1,"featured_media":0,"parent":0,"menu_order":0,"comment_status":"closed","ping_status":"closed","template":"page-tpl_full_width.php","meta":{"om_disable_all_campaigns":false,"_monsterinsights_skip_tracking":false,"_monsterinsights_sitenote_active":false,"_monsterinsights_sitenote_note":"","_monsterinsights_sitenote_category":0,"footnotes":""},"class_list":["post-1843","page","type-page","status-publish","hentry"],"yoast_head":"<!-- This site is optimized with the Yoast SEO plugin v25.6 - https:\/\/yoast.com\/wordpress\/plugins\/seo\/ -->\n<title>PRE\u00c7\u00c1RIO - Trespassar.pt<\/title>\n<meta name=\"robots\" content=\"index, follow, max-snippet:-1, max-image-preview:large, max-video-preview:-1\" \/>\n<link rel=\"canonical\" href=\"https:\/\/dev.trespassar.pt\/en\/precario\/\" \/>\n<meta property=\"og:locale\" content=\"en_US\" \/>\n<meta property=\"og:type\" content=\"article\" \/>\n<meta property=\"og:title\" content=\"PRE\u00c7\u00c1RIO - Trespassar.pt\" \/>\n<meta property=\"og:description\" content=\"PRE\u00c7\u00c1RIO 19.99 \u20ac *IVA inclu\u00eddo Standard &#8211; 1 an\u00fancio Adquira este pacote para carregar a sua conta com o n\u00famero de an\u00fancios correspondente. 44.99 \u20ac *IVA inclu\u00eddo Silver &#8211; 3 an\u00fancios Adquira este pacote para carregar a sua conta com o n\u00famero de an\u00fancios correspondente. 99.99 \u20ac *IVA inclu\u00eddo Gold &#8211; 10 an\u00fancios Adquira este...\" \/>\n<meta property=\"og:url\" content=\"https:\/\/dev.trespassar.pt\/en\/precario\/\" \/>\n<meta property=\"og:site_name\" content=\"Trespassar.pt\" \/>\n<meta property=\"article:modified_time\" content=\"2021-10-04T08:35:13+00:00\" \/>\n<meta name=\"twitter:card\" content=\"summary_large_image\" \/>\n<meta name=\"twitter:label1\" content=\"Est. reading time\" \/>\n\t<meta name=\"twitter:data1\" content=\"1 minute\" \/>\n<script type=\"application\/ld+json\" class=\"yoast-schema-graph\">{\"@context\":\"https:\/\/schema.org\",\"@graph\":[{\"@type\":\"WebPage\",\"@id\":\"https:\/\/dev.trespassar.pt\/precario\/\",\"url\":\"https:\/\/dev.trespassar.pt\/precario\/\",\"name\":\"PRE\u00c7\u00c1RIO - Trespassar.pt\",\"isPartOf\":{\"@id\":\"https:\/\/dev.trespassar.pt\/#website\"},\"datePublished\":\"2021-08-16T12:44:58+00:00\",\"dateModified\":\"2021-10-04T08:35:13+00:00\",\"breadcrumb\":{\"@id\":\"https:\/\/dev.trespassar.pt\/precario\/#breadcrumb\"},\"inLanguage\":\"en-US\",\"potentialAction\":[{\"@type\":\"ReadAction\",\"target\":[\"https:\/\/dev.trespassar.pt\/precario\/\"]}]},{\"@type\":\"BreadcrumbList\",\"@id\":\"https:\/\/dev.trespassar.pt\/precario\/#breadcrumb\",\"itemListElement\":[{\"@type\":\"ListItem\",\"position\":1,\"name\":\"Home\",\"item\":\"https:\/\/dev.trespassar.pt\/\"},{\"@type\":\"ListItem\",\"position\":2,\"name\":\"PRE\u00c7\u00c1RIO\"}]},{\"@type\":\"WebSite\",\"@id\":\"https:\/\/dev.trespassar.pt\/#website\",\"url\":\"https:\/\/dev.trespassar.pt\/\",\"name\":\"Trespassar.pt\",\"description\":\"\",\"potentialAction\":[{\"@type\":\"SearchAction\",\"target\":{\"@type\":\"EntryPoint\",\"urlTemplate\":\"https:\/\/dev.trespassar.pt\/?s={search_term_string}\"},\"query-input\":{\"@type\":\"PropertyValueSpecification\",\"valueRequired\":true,\"valueName\":\"search_term_string\"}}],\"inLanguage\":\"en-US\"}]}<\/script>\n<!-- \/ Yoast SEO plugin. -->","yoast_head_json":{"title":"PRE\u00c7\u00c1RIO - Trespassar.pt","robots":{"index":"index","follow":"follow","max-snippet":"max-snippet:-1","max-image-preview":"max-image-preview:large","max-video-preview":"max-video-preview:-1"},"canonical":"https:\/\/dev.trespassar.pt\/en\/precario\/","og_locale":"en_US","og_type":"article","og_title":"PRE\u00c7\u00c1RIO - Trespassar.pt","og_description":"PRE\u00c7\u00c1RIO 19.99 \u20ac *IVA inclu\u00eddo Standard &#8211; 1 an\u00fancio Adquira este pacote para carregar a sua conta com o n\u00famero de an\u00fancios correspondente. 44.99 \u20ac *IVA inclu\u00eddo Silver &#8211; 3 an\u00fancios Adquira este pacote para carregar a sua conta com o n\u00famero de an\u00fancios correspondente. 99.99 \u20ac *IVA inclu\u00eddo Gold &#8211; 10 an\u00fancios Adquira este...","og_url":"https:\/\/dev.trespassar.pt\/en\/precario\/","og_site_name":"Trespassar.pt","article_modified_time":"2021-10-04T08:35:13+00:00","twitter_card":"summary_large_image","twitter_misc":{"Est. reading time":"1 minute"},"schema":{"@context":"https:\/\/schema.org","@graph":[{"@type":"WebPage","@id":"https:\/\/dev.trespassar.pt\/precario\/","url":"https:\/\/dev.trespassar.pt\/precario\/","name":"PRE\u00c7\u00c1RIO - Trespassar.pt","isPartOf":{"@id":"https:\/\/dev.trespassar.pt\/#website"},"datePublished":"2021-08-16T12:44:58+00:00","dateModified":"2021-10-04T08:35:13+00:00","breadcrumb":{"@id":"https:\/\/dev.trespassar.pt\/precario\/#breadcrumb"},"inLanguage":"en-US","potentialAction":[{"@type":"ReadAction","target":["https:\/\/dev.trespassar.pt\/precario\/"]}]},{"@type":"BreadcrumbList","@id":"https:\/\/dev.trespassar.pt\/precario\/#breadcrumb","itemListElement":[{"@type":"ListItem","position":1,"name":"Home","item":"https:\/\/dev.trespassar.pt\/"},{"@type":"ListItem","position":2,"name":"PRE\u00c7\u00c1RIO"}]},{"@type":"WebSite","@id":"https:\/\/dev.trespassar.pt\/#website","url":"https:\/\/dev.trespassar.pt\/","name":"Trespassar.pt","description":"","potentialAction":[{"@type":"SearchAction","target":{"@type":"EntryPoint","urlTemplate":"https:\/\/dev.trespassar.pt\/?s={search_term_string}"},"query-input":{"@type":"PropertyValueSpecification","valueRequired":true,"valueName":"search_term_string"}}],"inLanguage":"en-US"}]}},"jetpack_sharing_enabled":true,"_links":{"self":[{"href":"https:\/\/dev.trespassar.pt\/en\/wp-json\/wp\/v2\/pages\/1843"}],"collection":[{"href":"https:\/\/dev.trespassar.pt\/en\/wp-json\/wp\/v2\/pages"}],"about":[{"href":"https:\/\/dev.trespassar.pt\/en\/wp-json\/wp\/v2\/types\/page"}],"author":[{"embeddable":true,"href":"https:\/\/dev.trespassar.pt\/en\/wp-json\/wp\/v2\/users\/1"}],"replies":[{"embeddable":true,"href":"https:\/\/dev.trespassar.pt\/en\/wp-json\/wp\/v2\/comments?post=1843"}],"version-history":[{"count":151,"href":"https:\/\/dev.trespassar.pt\/en\/wp-json\/wp\/v2\/pages\/1843\/revisions"}],"predecessor-version":[{"id":2890,"href":"https:\/\/dev.trespassar.pt\/en\/wp-json\/wp\/v2\/pages\/1843\/revisions\/2890"}],"wp:attachment":[{"href":"https:\/\/dev.trespassar.pt\/en\/wp-json\/wp\/v2\/media?parent=1843"}],"curies":[{"name":"wp","href":"https:\/\/api.w.org\/{rel}","templated":true}]}}