{"id":1846,"date":"2021-08-16T12:46:50","date_gmt":"2021-08-16T12:46:50","guid":{"rendered":"https:\/\/dev.trespassar.pt\/?page_id=1846"},"modified":"2021-09-01T16:29:22","modified_gmt":"2021-09-01T16:29:22","slug":"termos-e-condicoes","status":"publish","type":"page","link":"https:\/\/dev.trespassar.pt\/en\/termos-e-condicoes\/","title":{"rendered":"TERMS AND CONDITIONS"},"content":{"rendered":"<body><section class=\"kc-elm kc-css-739060 kc_row\"><div class=\"kc-row-container  kc-container\"><div class=\"kc-wrap-columns\"><div class=\"kc-elm kc-css-849580 kc_col-sm-12 kc_column kc_col-sm-12\"><div class=\"kc-col-container\"><div class=\"af-title text-center\">\r\n\t<h3 class=\"af-heading\">VIS\u00c3O GERAL<\/h3>\r\n\t<\/div><div class=\"kc-elm kc-css-77652 kc_text_block\"><p>Este site \u00e9 operado pela Trespassar.pt. Em todo o site, os termos \u201cn\u00f3s\u201d, \u201cnosso\u201d e \u201cnossa\u201d referem-se \u00e0 Trespassar.pt.<\/p>\n<p>A Trespassar.pt oferece neste site, todas as informa\u00e7\u00f5es, ferramentas e servi\u00e7os dispon\u00edveis para o utilizador, mediante a sua aceita\u00e7\u00e3o de todos os termos, condi\u00e7\u00f5es, pol\u00edticas e avisos estabelecidos.<\/p>\n<p>Ao visitar o nosso site e\/ou adquirir um dos nossos servi\u00e7os, o utilizador est\u00e1 a utilizar os nossos \u201cServi\u00e7os\u201d e, consequentemente, concorda com os seguintes termos e condi\u00e7\u00f5es (\u201cTermos e Condi\u00e7\u00f5es\u201d, \u201cTermos\u201d), incluindo os termos e condi\u00e7\u00f5es e pol\u00edticas adicionais mencionados neste documento. Estes Termos e Condi\u00e7\u00f5es aplicam-se a todos os utilizadores do site, incluindo, entre outros, os utilizadores que s\u00e3o visitantes, fabricantes, clientes, lojistas e\/ou colaboradores de conte\u00fado.<\/p>\n<p>Leia estes Termos e Condi\u00e7\u00f5es cuidadosamente antes de aceder ou utilizar o nosso site. Ao aceder ou usar qualquer parte do site, est\u00e1 a concorda com os Termos e Condi\u00e7\u00f5es. Se n\u00e3o concorda com todos os termos e condi\u00e7\u00f5es deste contrato, ent\u00e3o n\u00e3o pode aceder ao site ou usufruir de quaisquer servi\u00e7os. Se esses Termos e Condi\u00e7\u00f5es s\u00e3o considerados uma oferta, a aceita\u00e7\u00e3o \u00e9 expressamente limitada a esses Termos e Condi\u00e7\u00f5es.<\/p>\n<p>Quaisquer novos recursos ou ferramentas que forem adicionados ao site atual tamb\u00e9m devem estar sujeitos aos Termos e Condi\u00e7\u00f5es. Pode verificar a vers\u00e3o mais atual dos Termos e Condi\u00e7\u00f5es quando quiser, acedendo a esta p\u00e1gina.<\/p>\n<p>Reservamos o direito de atualizar, alterar ou trocar qualquer parte destes Termos e Condi\u00e7\u00f5es ao publicar atualiza\u00e7\u00f5es e\/ou altera\u00e7\u00f5es no nosso site. \u00c9 da inteira responsabilidade do utilizador verificar periodicamente as altera\u00e7\u00f5es feitas nesta p\u00e1gina. O uso cont\u00ednuo ou acesso ao site ap\u00f3s a publica\u00e7\u00e3o de quaisquer altera\u00e7\u00f5es constitui aceita\u00e7\u00e3o de tais altera\u00e7\u00f5es.<\/p>\n<p>\n<\/div><div class=\"af-title text-center\">\r\n\t<h3 class=\"af-heading\">CONDI\u00c7\u00d5ES GERAIS<\/h3>\r\n\t<\/div><div class=\"kc-elm kc-css-190752 kc_text_block\"><\/p>\n<p class=\"MsoNormal\"><span style=\"font-family: 'Source Sans Pro',sans-serif;\">Reservamo-nos ao direito de recusar o servi\u00e7o a qualquer pessoa, por qualquer motivo que n\u00e3o v\u00e1 ao encontro dos nossos Termos e Condi\u00e7\u00f5es, a qualquer momento.<\/span><\/p>\n<p class=\"MsoNormal\"><span style=\"font-family: 'Source Sans Pro',sans-serif;\">Concorda em n\u00e3o reproduzir, duplicar, copiar, vender, revender ou explorar qualquer parte do Servi\u00e7o, uso do Servi\u00e7o, acesso ao Servi\u00e7o, ou qualquer contato no site atrav\u00e9s do qual o Servi\u00e7o seja fornecido, sem a nossa permiss\u00e3o expressa por escrito.<\/span><\/p>\n<p class=\"MsoNormal\"><span style=\"font-family: 'Source Sans Pro',sans-serif;\">No caso de qualquer disposi\u00e7\u00e3o destes Termos e Condi\u00e7\u00f5es ser considerada ilegal, nula ou inexequ\u00edvel, tal disposi\u00e7\u00e3o ser\u00e1, no entanto, execut\u00e1vel na extens\u00e3o m\u00e1xima permitida pela lei aplic\u00e1vel, e a parte inexequ\u00edvel ser\u00e1 considerada como cortada destes Termos e Condi\u00e7\u00f5es.<\/span><\/p>\n<p class=\"MsoNormal\"><span style=\"font-family: 'Source Sans Pro',sans-serif;\">Os t\u00edtulos usados neste contrato s\u00e3o inclu\u00eddos apenas por conveni\u00eancia e n\u00e3o limitam ou afetam os Termos aqui descritos.<\/span><\/p>\n<p>\n<\/div><div class=\"af-title text-center\">\r\n\t<h3 class=\"af-heading\">VALIDADE DAS INFORMA\u00c7\u00d5ES<\/h3>\r\n\t<\/div><div class=\"kc-elm kc-css-646432 kc_text_block\"><\/p>\n<p class=\"MsoNormal\"><span style=\"font-family: 'Source Sans Pro',sans-serif;\">N\u00e3o nos responsabilizamos se as informa\u00e7\u00f5es disponibilizadas neste site n\u00e3o forem precisas, completas ou atuais. O material deste site \u00e9 fornecido apenas para fins informativos e n\u00e3o deve ser usado como base para tomar decis\u00f5es sem consultar as fontes de informa\u00e7\u00f5es prim\u00e1rias, mais precisas, mais completas ou mais atuais. Qualquer utiliza\u00e7\u00e3o do material deste site \u00e9 por sua conta e risco.<\/span><\/p>\n<p class=\"MsoNormal\"><span style=\"font-family: 'Source Sans Pro',sans-serif;\">Este site pode conter certas informa\u00e7\u00f5es hist\u00f3ricas. As informa\u00e7\u00f5es hist\u00f3ricas podem n\u00e3o ser atuais e s\u00e3o fornecidas apenas para sua refer\u00eancia. Reservamo-nos ao direito de modificar o conte\u00fado deste site a qualquer momento e sem obriga\u00e7\u00e3o de aviso pr\u00e9vio.<\/span><\/p>\n<p class=\"MsoNormal\"><span style=\"font-family: 'Source Sans Pro',sans-serif;\">Concordando que \u00e9 de sua inteira responsabilidade acompanhar as altera\u00e7\u00f5es no nosso site.<\/span><\/p>\n<p>\n<\/div><div class=\"af-title text-center\">\r\n\t<h3 class=\"af-heading\">ALTERA\u00c7\u00d5ES DO SERVI\u00c7O E DOS PRE\u00c7OS<\/h3>\r\n\t<\/div><div class=\"kc-elm kc-css-285376 kc_text_block\"><\/p>\n<p class=\"MsoNormal\"><span style=\"font-family: 'Source Sans Pro',sans-serif;\">Os pre\u00e7os de nossos servi\u00e7os est\u00e3o sujeitos a altera\u00e7\u00f5es sem aviso pr\u00e9vio.<\/span><\/p>\n<p class=\"MsoNormal\"><span style=\"font-family: 'Source Sans Pro',sans-serif;\">Reservamo-nos ao direito de, a qualquer momento, modificar ou descontinuar o Servi\u00e7o (ou qualquer parte ou conte\u00fado do mesmo) sem aviso pr\u00e9vio a qualquer momento.<\/span><\/p>\n<p class=\"MsoNormal\"><span style=\"font-family: 'Source Sans Pro',sans-serif;\">Em caso de altera\u00e7\u00e3o, suspens\u00e3o ou descontinua\u00e7\u00e3o do Servi\u00e7o, a Trespassar.pt n\u00e3o se responsabiliza pela perda de cr\u00e9ditos relacionados com determinado servi\u00e7o.<\/span><\/p>\n<p>\n<\/div><div class=\"af-title text-center\">\r\n\t<h3 class=\"af-heading\">FERRAMENTAS OPCIONAIS<\/h3>\r\n\t<\/div><div class=\"kc-elm kc-css-838550 kc_text_block\"><\/p>\n<p class=\"MsoNormal\"><span style=\"font-family: 'Source Sans Pro',sans-serif;\">Podemos fornecer-lhe acesso a ferramentas de terceiros sobre as quais n\u00e3o temos qualquer tipo de monitoriza\u00e7\u00e3o, controlo ou entrada.<\/span><\/p>\n<p class=\"MsoNormal\"><span style=\"font-family: 'Source Sans Pro',sans-serif;\">O utilizador reconhece e concorda que n\u00f3s fornecemos acesso a tais ferramentas no estado em que se encontram e conforme a disponibilidade, sem quaisquer garantias, declara\u00e7\u00f5es ou condi\u00e7\u00f5es de qualquer tipo e sem qualquer endosso. N\u00e3o nos responsabilizamos de forma alguma pelo seu uso de ferramentas opcionais de terceiros.<\/span><\/p>\n<p>\n<\/div><div class=\"af-title text-center\">\r\n\t<h3 class=\"af-heading\">LINKS DE TERCEIROS<\/h3>\r\n\t<\/div><div class=\"kc-elm kc-css-757488 kc_text_block\"><\/p>\n<p class=\"MsoNormal\"><span style=\"font-family: 'Source Sans Pro',sans-serif;\">Determinados conte\u00fados, produtos e servi\u00e7os dispon\u00edveis atrav\u00e9s do nosso Servi\u00e7o podem incluir materiais de terceiros.<\/span><\/p>\n<p class=\"MsoNormal\"><span style=\"font-family: 'Source Sans Pro',sans-serif;\">Os links de terceiros neste site podem direcionar o utilizador a sites de terceiros que n\u00e3o s\u00e3o nossos afiliados. N\u00e3o nos responsabilizamos por examinar ou avaliar esse conte\u00fado.<\/span><\/p>\n<p class=\"MsoNormal\"><span style=\"font-family: 'Source Sans Pro',sans-serif;\">N\u00e3o somos respons\u00e1veis por quaisquer danos ou preju\u00edzos relacionados com a compra ou uso de mercadorias, servi\u00e7os, recursos, conte\u00fado, ou quaisquer outras transa\u00e7\u00f5es feitas em conex\u00e3o com quaisquer sites de terceiros. Por favor, leia com cuidado as pol\u00edticas e pr\u00e1ticas de terceiros e certifique-se de que as entende antes de efetuar qualquer transa\u00e7\u00e3o. As queixas, reclama\u00e7\u00f5es, preocupa\u00e7\u00f5es ou quest\u00f5es relativas a produtos e servi\u00e7os de terceiros devem ser direcionadas \u00e0 respetiva empresa terceira.<\/span><\/p>\n<p>\n<\/div><div class=\"af-title text-center\">\r\n\t<h3 class=\"af-heading\">COMENT\u00c1RIOS, FEEDBACK E OUTRAS INTERA\u00c7\u00d5ES DO UTILIZADOR<\/h3>\r\n\t<\/div><div class=\"kc-elm kc-css-380012 kc_text_block\"><\/p>\n<p class=\"MsoNormal\"><span style=\"font-family: 'Source Sans Pro',sans-serif;\">Se, a nosso pedido, executar determinadas a\u00e7\u00f5es espec\u00edficas ou, sem solicita\u00e7\u00e3o de nossa parte, enviar ideias criativas, sugest\u00f5es, propostas, planos ou outros materiais, seja online, por e-mail, correio ou de outra forma, concorda que podemos, a qualquer momento, sem restri\u00e7\u00f5es, editar, copiar, publicar, distribuir, traduzir e usar, em qualquer meio, quaisquer coment\u00e1rios que nos encaminhe.<\/span><\/p>\n<p>\n<\/div><div class=\"af-title text-center\">\r\n\t<h3 class=\"af-heading\">INFORMA\u00c7\u00d5ES PESSOAIS<\/h3>\r\n\t<\/div><div class=\"kc-elm kc-css-488894 kc_text_block\"><\/p>\n<p class=\"MsoNormal\"><span style=\"font-family: 'Source Sans Pro',sans-serif;\">Os seus dados pessoais colocados no nosso site s\u00e3o tratados conforme explicado na nossa Pol\u00edtica de Privacidade.<\/span><\/p>\n<p>\n<\/div><div class=\"af-title text-center\">\r\n\t<h3 class=\"af-heading\">ERROS, IMPRECIS\u00d5ES E OMISS\u00d5ES<\/h3>\r\n\t<\/div><div class=\"kc-elm kc-css-239380 kc_text_block\"><\/p>\n<p class=\"MsoNormal\"><span style=\"font-family: 'Source Sans Pro',sans-serif;\">Por vezes, pode haver informa\u00e7\u00f5es no nosso site ou Servi\u00e7o que contenham erros tipogr\u00e1ficos, imprecis\u00f5es ou omiss\u00f5es que possam estar relacionadas com descri\u00e7\u00f5es de pre\u00e7os, promo\u00e7\u00f5es, ofertas, cobran\u00e7as extra e disponibilidade. Reservamo-nos ao direito de corrigir quaisquer erros, imprecis\u00f5es ou omiss\u00f5es, e de alterar ou atualizar informa\u00e7\u00f5es ou cancelar pedidos caso qualquer informa\u00e7\u00e3o no Servi\u00e7o ou em qualquer site relacionado seja imprecisa, a qualquer momento e sem aviso pr\u00e9vio (at\u00e9 mesmo depois de o utilizador ter enviado o seu pedido).<\/span><\/p>\n<p class=\"MsoNormal\"><span style=\"font-family: 'Source Sans Pro',sans-serif;\">N\u00e3o assumimos nenhuma obriga\u00e7\u00e3o de atualizar, alterar ou explicar informa\u00e7\u00f5es no Servi\u00e7o ou em qualquer site relacionado, incluindo, entre outras, as informa\u00e7\u00f5es sobre pre\u00e7os, exceto conforme exigido por lei. Nenhuma atualiza\u00e7\u00e3o espec\u00edfica ou data de atualiza\u00e7\u00e3o no Servi\u00e7o ou em qualquer site relacionado deve ser utilizada para indicar que todas as informa\u00e7\u00f5es do Servi\u00e7o ou em qualquer site relacionado tenham sido modificadas ou atualizadas.<\/span><\/p>\n<p>\n<\/div><div class=\"af-title text-center\">\r\n\t<h3 class=\"af-heading\">USOS PROIBIDOS<\/h3>\r\n\t<\/div><div class=\"kc-elm kc-css-957170 kc_text_block\"><\/p>\n<p class=\"MsoNormal\"><span style=\"font-family: 'Source Sans Pro',sans-serif;\">Al\u00e9m de outras proibi\u00e7\u00f5es estabelecidas nos Termos e Condi\u00e7\u00f5es, o utilizador ou visitante est\u00e1 proibido de usar o site ou o seu conte\u00fado para <\/span><\/p>\n<p class=\"MsoNormal\"><span style=\"font-family: 'Source Sans Pro',sans-serif;\">(a) Qualquer finalidade il\u00edcita;<\/span><\/p>\n<p class=\"MsoNormal\"><span style=\"font-family: 'Source Sans Pro',sans-serif;\">(b) Solicitar a outros que realizem ou participem de atos ilegais; <\/span><\/p>\n<p class=\"MsoNormal\"><span style=\"font-family: 'Source Sans Pro',sans-serif;\">(c) Violar quaisquer regulamentos, regras, leis, sejam nacionais, locais ou internacionais;<\/span><\/p>\n<p class=\"MsoNormal\"><span style=\"font-family: 'Source Sans Pro',sans-serif;\">(d) Infringir ou violar os nossos direitos de propriedade intelectual ou os direitos de propriedade intelectual de terceiros; <\/span><\/p>\n<p class=\"MsoNormal\"><span style=\"font-family: 'Source Sans Pro',sans-serif;\">(e) Assediar, abusar, insultar, prejudicar, difamar, caluniar, desacreditar, intimidar ou discriminar com base no g\u00e9nero, orienta\u00e7\u00e3o sexual, religi\u00e3o, etnia, ra\u00e7a, idade, nacionalidade ou defici\u00eancia; <\/span><\/p>\n<p class=\"MsoNormal\"><span style=\"font-family: 'Source Sans Pro',sans-serif;\">(f) Apresentar informa\u00e7\u00f5es falsas ou enganosas;<\/span><\/p>\n<p class=\"MsoNormal\"><span style=\"font-family: 'Source Sans Pro',sans-serif;\">(g) Enviar ou transmitir v\u00edrus ou qualquer outro tipo de c\u00f3digo malicioso, que ser\u00e1 ou poder\u00e1 ser usado de qualquer forma que afete a funcionalidade ou opera\u00e7\u00e3o dos Servi\u00e7os ou de qualquer site relacionado, outros sites ou a internet; <\/span><\/p>\n<p class=\"MsoNormal\"><span style=\"font-family: 'Source Sans Pro',sans-serif;\">(h) Coletar ou rastrear as informa\u00e7\u00f5es pessoais de utilizadores ou terceiros; <\/span><\/p>\n<p class=\"MsoNormal\"><span style=\"font-family: 'Source Sans Pro',sans-serif;\">(i) Pr\u00e1tica de spam, phishing, pharm, pretext, spider, crawl ou scrape; <\/span><\/p>\n<p class=\"MsoNormal\"><span style=\"font-family: 'Source Sans Pro',sans-serif;\">(j) Qualquer prop\u00f3sito obsceno ou imoral; <\/span><\/p>\n<p class=\"MsoNormal\"><span style=\"font-family: 'Source Sans Pro',sans-serif;\">(k) Interferir ou contornar os recursos de seguran\u00e7a dos Servi\u00e7os ou de qualquer site relacionado, outros sites ou a internet. <\/span><\/p>\n<p class=\"MsoNormal\"><span style=\"font-family: 'Source Sans Pro',sans-serif;\">Reservamo-nos ao direito de rescindir o seu uso do Servi\u00e7o ou de qualquer site relacionado por violar qualquer um dos usos proibidos.<\/span><\/p>\n<p>\n<\/div><div class=\"af-title text-center\">\r\n\t<h3 class=\"af-heading\">ISEN\u00c7\u00c3O DE GARANTIAS; LIMITA\u00c7\u00c3O DE RESPONSABILIDADE<\/h3>\r\n\t<\/div><div class=\"kc-elm kc-css-180344 kc_text_block\"><\/p>\n<p class=\"MsoNormal\"><span style=\"font-family: 'Source Sans Pro',sans-serif;\">N\u00f3s n\u00e3o prometemos, representamos ou garantimos que os usos dos nossos servi\u00e7os ser\u00e3o ininterruptos, oportunos, seguros ou livre de erros.<\/span><\/p>\n<p class=\"MsoNormal\"><span style=\"font-family: 'Source Sans Pro',sans-serif;\">N\u00e3o garantimos que os resultados que possam ser obtidos pelo uso do servi\u00e7o ser\u00e3o precisos ou confi\u00e1veis.<\/span><\/p>\n<p class=\"MsoNormal\"><span style=\"font-family: 'Source Sans Pro',sans-serif;\">Concorda que, de tempos em tempos, podemos remover o servi\u00e7o por per\u00edodos indefinidos de tempo ou cancel\u00e1-lo a qualquer momento, sem qualquer aviso.<\/span><\/p>\n<p class=\"MsoNormal\"><span style=\"font-family: 'Source Sans Pro',sans-serif;\">Concorda que o seu uso ou incapacidade de usar os servi\u00e7os \u00e9 da sua inteira responsabilidade <\/span><\/p>\n<p class=\"MsoNormal\"><span style=\"font-family: 'Source Sans Pro',sans-serif;\">Em caso algum, a Trespassar.pt, qualquer membro da nossa equipa, afiliados, agentes contratados, estagi\u00e1rios, fornecedores ou provedores de servi\u00e7os ser\u00e3o respons\u00e1veis por qualquer dano, perda, reivindica\u00e7\u00e3o ou qualquer dano direto, indireto, acidental, punitivo, especial ou consequencial de qualquer tipo, incluindo, entre outros, lucros perdidos, perda de receita, perda de economias, perda de dados, custos de substitui\u00e7\u00e3o ou quaisquer danos semelhantes, seja com base em contrato, ato il\u00edcito (incluindo neglig\u00eancia), responsabilidade estrita ou n\u00e3o, decorrentes do uso de qualquer um dos servi\u00e7os adquiridos no nosso site, ou para qualquer outra reivindica\u00e7\u00e3o relacionada de qualquer forma ao seu uso do servi\u00e7o, incluindo, entre outros, quaisquer erros ou omiss\u00f5es em qualquer conte\u00fado, ou qualquer perda ou dano de qualquer tipo incorrido como resultado do uso dos nossos servi\u00e7o.<\/span><\/p>\n<p>\n<\/div><div class=\"af-title text-center\">\r\n\t<h3 class=\"af-heading\">INDEMNIZA\u00c7\u00c3O<\/h3>\r\n\t<\/div><div class=\"kc-elm kc-css-984546 kc_text_block\"><\/p>\n<p class=\"MsoNormal\"><span style=\"font-family: 'Source Sans Pro',sans-serif;\">Concorda em indemnizar, defender e isentar a Trespassar.pt, subsidi\u00e1rias, afiliadas, parceiros, executivos, diretores, agentes, contratados, licenciantes, prestadores de servi\u00e7os, subcontratados, fornecedores, estagi\u00e1rios e funcion\u00e1rios, de qualquer reivindica\u00e7\u00e3o ou reclama\u00e7\u00e3o, incluindo honor\u00e1rios, feitos por terceiros, devido \u00e0 sua viola\u00e7\u00e3o destes Termos e Condi\u00e7\u00f5es ou dos documentos que incorporam por refer\u00eancia, ou a sua viola\u00e7\u00e3o de qualquer lei ou dos direitos de terceiros.<\/span><\/p>\n<p>\n<\/div><div class=\"af-title text-center\">\r\n\t<h3 class=\"af-heading\">LEGISLA\u00c7\u00c3O APLIC\u00c1VEL<\/h3>\r\n\t<\/div><div class=\"kc-elm kc-css-402648 kc_text_block\"><\/p>\n<p class=\"MsoNormal\"><span style=\"font-family: 'Source Sans Pro',sans-serif;\">Estes Termos e Condi\u00e7\u00f5es e quaisquer contratos fornecidos pela Trespassar.pt ser\u00e3o regidos e interpretados de acordo com as leis de Portugal.<\/span><\/p>\n<p>\n<\/div><div class=\"af-title text-center\">\r\n\t<h3 class=\"af-heading\">MUDAN\u00c7AS NOS TERMOS E CONDI\u00c7\u00d5ES<\/h3>\r\n\t<\/div><div class=\"kc-elm kc-css-443999 kc_text_block\"><\/p>\n<p class=\"MsoNormal\"><span style=\"font-family: 'Source Sans Pro',sans-serif;\">Pode verificar qualquer altera\u00e7\u00e3o ou atualiza\u00e7\u00e3o destes Termos e Condi\u00e7\u00f5es a qualquer momento nesta p\u00e1gina.<\/span><\/p>\n<p class=\"MsoNormal\"><span style=\"font-family: 'Source Sans Pro',sans-serif;\">Reservamo-nos ao direito, de atualizar, modificar ou substituir qualquer parte destes Termos e Condi\u00e7\u00f5es ao publicar atualiza\u00e7\u00f5es e altera\u00e7\u00f5es no nosso site. \u00c9 da sua responsabilidade verificar periodicamente se h\u00e1 altera\u00e7\u00f5es no nosso site. <\/span><\/p>\n<p class=\"MsoNormal\"><span style=\"font-family: 'Source Sans Pro',sans-serif;\">O uso cont\u00ednuo ou acesso ao nosso site ou servi\u00e7os ap\u00f3s a publica\u00e7\u00e3o de quaisquer altera\u00e7\u00f5es a estes Termos e Condi\u00e7\u00f5es constitui aceita\u00e7\u00e3o dessas altera\u00e7\u00f5es.<\/span><\/p>\n<p>\n<\/div><div class=\"af-title text-center\">\r\n\t<h3 class=\"af-heading\">INFORMA\u00c7\u00d5ES DE CONTACTO<\/h3>\r\n\t<\/div><div class=\"kc-elm kc-css-268259 kc_text_block\"><\/p>\n<p class=\"MsoNormal\"><span style=\"font-family: 'Source Sans Pro',sans-serif;\">Perguntas sobre os Termos e Condi\u00e7\u00f5es devem ser enviadas para n\u00f3s em <a href=\"\/en\/info@localhost\/\">info@localhost<\/a>.<\/span><\/p>\n<p>\n<\/div><\/div><\/div><\/div><\/div><\/section>\n<\/p><\/body>","protected":false},"excerpt":{"rendered":"","protected":false},"author":1,"featured_media":0,"parent":0,"menu_order":0,"comment_status":"closed","ping_status":"closed","template":"page-tpl_full_width.php","meta":{"om_disable_all_campaigns":false,"_monsterinsights_skip_tracking":false,"_monsterinsights_sitenote_active":false,"_monsterinsights_sitenote_note":"","_monsterinsights_sitenote_category":0,"footnotes":""},"class_list":["post-1846","page","type-page","status-publish","hentry"],"yoast_head":"<!-- This site is optimized with the Yoast SEO plugin v25.6 - https:\/\/yoast.com\/wordpress\/plugins\/seo\/ -->\n<title>TERMOS E CONDI\u00c7\u00d5ES - Trespassar.pt<\/title>\n<meta name=\"robots\" content=\"index, follow, max-snippet:-1, max-image-preview:large, max-video-preview:-1\" \/>\n<link rel=\"canonical\" href=\"https:\/\/dev.trespassar.pt\/en\/termos-e-condicoes\/\" \/>\n<meta property=\"og:locale\" content=\"en_US\" \/>\n<meta property=\"og:type\" content=\"article\" \/>\n<meta property=\"og:title\" content=\"TERMOS E CONDI\u00c7\u00d5ES - Trespassar.pt\" \/>\n<meta property=\"og:description\" content=\"VIS\u00c3O GERAL Este site \u00e9 operado pela Trespassar.pt. Em todo o site, os termos \u201cn\u00f3s\u201d, \u201cnosso\u201d e \u201cnossa\u201d referem-se \u00e0 Trespassar.pt. A Trespassar.pt oferece neste site, todas as informa\u00e7\u00f5es, ferramentas e servi\u00e7os dispon\u00edveis para o utilizador, mediante a sua aceita\u00e7\u00e3o de todos os termos, condi\u00e7\u00f5es, pol\u00edticas e avisos estabelecidos. Ao visitar o nosso site e\/ou...\" \/>\n<meta property=\"og:url\" content=\"https:\/\/dev.trespassar.pt\/en\/termos-e-condicoes\/\" \/>\n<meta property=\"og:site_name\" content=\"Trespassar.pt\" \/>\n<meta property=\"article:modified_time\" content=\"2021-09-01T16:29:22+00:00\" \/>\n<meta name=\"twitter:card\" content=\"summary_large_image\" \/>\n<meta name=\"twitter:label1\" content=\"Est. reading time\" \/>\n\t<meta name=\"twitter:data1\" content=\"9 minutes\" \/>\n<script type=\"application\/ld+json\" class=\"yoast-schema-graph\">{\"@context\":\"https:\/\/schema.org\",\"@graph\":[{\"@type\":\"WebPage\",\"@id\":\"https:\/\/dev.trespassar.pt\/termos-e-condicoes\/\",\"url\":\"https:\/\/dev.trespassar.pt\/termos-e-condicoes\/\",\"name\":\"TERMOS E CONDI\u00c7\u00d5ES - Trespassar.pt\",\"isPartOf\":{\"@id\":\"https:\/\/dev.trespassar.pt\/#website\"},\"datePublished\":\"2021-08-16T12:46:50+00:00\",\"dateModified\":\"2021-09-01T16:29:22+00:00\",\"breadcrumb\":{\"@id\":\"https:\/\/dev.trespassar.pt\/termos-e-condicoes\/#breadcrumb\"},\"inLanguage\":\"en-US\",\"potentialAction\":[{\"@type\":\"ReadAction\",\"target\":[\"https:\/\/dev.trespassar.pt\/termos-e-condicoes\/\"]}]},{\"@type\":\"BreadcrumbList\",\"@id\":\"https:\/\/dev.trespassar.pt\/termos-e-condicoes\/#breadcrumb\",\"itemListElement\":[{\"@type\":\"ListItem\",\"position\":1,\"name\":\"Home\",\"item\":\"https:\/\/dev.trespassar.pt\/\"},{\"@type\":\"ListItem\",\"position\":2,\"name\":\"TERMOS E CONDI\u00c7\u00d5ES\"}]},{\"@type\":\"WebSite\",\"@id\":\"https:\/\/dev.trespassar.pt\/#website\",\"url\":\"https:\/\/dev.trespassar.pt\/\",\"name\":\"Trespassar.pt\",\"description\":\"\",\"potentialAction\":[{\"@type\":\"SearchAction\",\"target\":{\"@type\":\"EntryPoint\",\"urlTemplate\":\"https:\/\/dev.trespassar.pt\/?s={search_term_string}\"},\"query-input\":{\"@type\":\"PropertyValueSpecification\",\"valueRequired\":true,\"valueName\":\"search_term_string\"}}],\"inLanguage\":\"en-US\"}]}<\/script>\n<!-- \/ Yoast SEO plugin. -->","yoast_head_json":{"title":"TERMOS E CONDI\u00c7\u00d5ES - Trespassar.pt","robots":{"index":"index","follow":"follow","max-snippet":"max-snippet:-1","max-image-preview":"max-image-preview:large","max-video-preview":"max-video-preview:-1"},"canonical":"https:\/\/dev.trespassar.pt\/en\/termos-e-condicoes\/","og_locale":"en_US","og_type":"article","og_title":"TERMOS E CONDI\u00c7\u00d5ES - Trespassar.pt","og_description":"VIS\u00c3O GERAL Este site \u00e9 operado pela Trespassar.pt. Em todo o site, os termos \u201cn\u00f3s\u201d, \u201cnosso\u201d e \u201cnossa\u201d referem-se \u00e0 Trespassar.pt. A Trespassar.pt oferece neste site, todas as informa\u00e7\u00f5es, ferramentas e servi\u00e7os dispon\u00edveis para o utilizador, mediante a sua aceita\u00e7\u00e3o de todos os termos, condi\u00e7\u00f5es, pol\u00edticas e avisos estabelecidos. Ao visitar o nosso site e\/ou...","og_url":"https:\/\/dev.trespassar.pt\/en\/termos-e-condicoes\/","og_site_name":"Trespassar.pt","article_modified_time":"2021-09-01T16:29:22+00:00","twitter_card":"summary_large_image","twitter_misc":{"Est. reading time":"9 minutes"},"schema":{"@context":"https:\/\/schema.org","@graph":[{"@type":"WebPage","@id":"https:\/\/dev.trespassar.pt\/termos-e-condicoes\/","url":"https:\/\/dev.trespassar.pt\/termos-e-condicoes\/","name":"TERMOS E CONDI\u00c7\u00d5ES - Trespassar.pt","isPartOf":{"@id":"https:\/\/dev.trespassar.pt\/#website"},"datePublished":"2021-08-16T12:46:50+00:00","dateModified":"2021-09-01T16:29:22+00:00","breadcrumb":{"@id":"https:\/\/dev.trespassar.pt\/termos-e-condicoes\/#breadcrumb"},"inLanguage":"en-US","potentialAction":[{"@type":"ReadAction","target":["https:\/\/dev.trespassar.pt\/termos-e-condicoes\/"]}]},{"@type":"BreadcrumbList","@id":"https:\/\/dev.trespassar.pt\/termos-e-condicoes\/#breadcrumb","itemListElement":[{"@type":"ListItem","position":1,"name":"Home","item":"https:\/\/dev.trespassar.pt\/"},{"@type":"ListItem","position":2,"name":"TERMOS E CONDI\u00c7\u00d5ES"}]},{"@type":"WebSite","@id":"https:\/\/dev.trespassar.pt\/#website","url":"https:\/\/dev.trespassar.pt\/","name":"Trespassar.pt","description":"","potentialAction":[{"@type":"SearchAction","target":{"@type":"EntryPoint","urlTemplate":"https:\/\/dev.trespassar.pt\/?s={search_term_string}"},"query-input":{"@type":"PropertyValueSpecification","valueRequired":true,"valueName":"search_term_string"}}],"inLanguage":"en-US"}]}},"jetpack_sharing_enabled":true,"_links":{"self":[{"href":"https:\/\/dev.trespassar.pt\/en\/wp-json\/wp\/v2\/pages\/1846"}],"collection":[{"href":"https:\/\/dev.trespassar.pt\/en\/wp-json\/wp\/v2\/pages"}],"about":[{"href":"https:\/\/dev.trespassar.pt\/en\/wp-json\/wp\/v2\/types\/page"}],"author":[{"embeddable":true,"href":"https:\/\/dev.trespassar.pt\/en\/wp-json\/wp\/v2\/users\/1"}],"replies":[{"embeddable":true,"href":"https:\/\/dev.trespassar.pt\/en\/wp-json\/wp\/v2\/comments?post=1846"}],"version-history":[{"count":6,"href":"https:\/\/dev.trespassar.pt\/en\/wp-json\/wp\/v2\/pages\/1846\/revisions"}],"predecessor-version":[{"id":2115,"href":"https:\/\/dev.trespassar.pt\/en\/wp-json\/wp\/v2\/pages\/1846\/revisions\/2115"}],"wp:attachment":[{"href":"https:\/\/dev.trespassar.pt\/en\/wp-json\/wp\/v2\/media?parent=1846"}],"curies":[{"name":"wp","href":"https:\/\/api.w.org\/{rel}","templated":true}]}}