{"id":1850,"date":"2021-08-16T12:48:33","date_gmt":"2021-08-16T12:48:33","guid":{"rendered":"https:\/\/dev.trespassar.pt\/?page_id=1850"},"modified":"2021-09-01T16:32:13","modified_gmt":"2021-09-01T16:32:13","slug":"privacidade","status":"publish","type":"page","link":"https:\/\/dev.trespassar.pt\/en\/privacidade\/","title":{"rendered":"PRIVACY"},"content":{"rendered":"<body><section class=\"kc-elm kc-css-730346 kc_row\"><div class=\"kc-row-container  kc-container\"><div class=\"kc-wrap-columns\"><div class=\"kc-elm kc-css-893210 kc_col-sm-12 kc_column kc_col-sm-12\"><div class=\"kc-col-container\"><div class=\"af-title text-center\">\r\n\t<h3 class=\"af-heading\">PRIVACY POLICY<\/h3>\r\n\t<\/div><div class=\"kc-elm kc-css-124170 kc_text_block\"><p>Your privacy is important to us. It's our policy to respect your privacy regarding any of your information what we might obtain on our website and\/or other websites we possess and operate.<\/p>\n<p>We only retain the informations obtained by the necessary time to provide the requested service. When we save your data, we protect it through ways that are commercially acceptable to avoid losses and thefts, as well as access, disclosure, copy, use or unauthorized modification.<\/p>\n<p>Our website might have links to external websites that are not operated by us. Be aware that we do not have control over the content and practices of those websites and cannot accept responsability over their respective privacy policies.<\/p>\n<p>The user is free to refuse our personal informations request, in case he thinks we are not providing some of the desired services.<\/p>\n<p>The continuous use of our website will be considered as acceptance of our practices around privacy and personal informations. If you have any questions about how we deal with user data and personal informations, get in touch with us through the contact information available on our website <a href=\"\/en\/localhost\/trespassar\/\">www.trespassar.pt<\/a>.\u00a0<a href=\"http:\/\/localhost\/trespassar\">www.trespassar.pt<\/a>.<\/p>\n<p>\n<\/div><div class=\"af-title text-center\">\r\n\t<h3 class=\"af-heading\">WHAT ARE COOKIES?<\/h3>\r\n\t<\/div><div class=\"kc-elm kc-css-313040 kc_text_block\"><\/p>\n<p>As it is common practice in almost every professional website, this website uses cookies. A cookie is a small file that can be stored on your computer when you visit a website. This page describes which information they have, how we use them and why we need to store those cookies. We will also share with you how you can stop those cookies from being stored, however, that can downgrade certain elements of our website.<\/p>\n<p><span style=\"font-size: 12.0pt; line-height: 107%; font-family: 'Times New Roman',serif; mso-fareast-font-family: 'Times New Roman'; mso-ansi-language: PT; mso-fareast-language: PT; mso-bidi-language: AR-SA;\">\u00a0<\/span><\/p>\n<p>\n<\/div><div class=\"af-title text-center\">\r\n\t<h3 class=\"af-heading\">HOW WE USE COOKIES?<\/h3>\r\n\t<\/div><div class=\"kc-elm kc-css-945255 kc_text_block\"><\/p>\n<p>We use cookies for various reasons, detailed below. Unfortunately, in most cases, there are not standard options to deactivate cookies without completely deactivating the functionality and resources that they add to this website. It's recommended you leave all the cookies set if you are not sure if you are going to need them or not, in case they are used to provide a service that uses them.<\/p>\n<p class=\"MsoNormal\" style=\"margin-bottom: 15.0pt; line-height: normal;\"><span style=\"font-size: 12.0pt; font-family: 'Times New Roman',serif; mso-fareast-font-family: 'Times New Roman'; mso-fareast-language: PT;\">\u00a0<\/span><\/p>\n<p>\n<\/div><div class=\"af-title text-center\">\r\n\t<h3 class=\"af-heading\">DISABLE COOKIES<\/h3>\r\n\t<\/div><div class=\"kc-elm kc-css-116108 kc_text_block\"><\/p>\n<p>You can stop the cookies setup by adjusting the configurations of your browser. Be aware that by deactivating cookies, it will affect the function of this and other websites you visit. Deactivating cookies usually results on the deactivation of certain funcionalities and resources of this website. So, it is recommended you don't deactivate cookies.<\/p>\n<p class=\"MsoNormal\" style=\"margin-bottom: 15.0pt; line-height: normal;\"><span style=\"font-size: 12.0pt; font-family: 'Times New Roman',serif; mso-fareast-font-family: 'Times New Roman'; mso-fareast-language: PT;\">\u00a0<\/span><\/p>\n<p>\n<\/div><div class=\"af-title text-center\">\r\n\t<h3 class=\"af-heading\">COOKIES THAT WE DEFINE<\/h3>\r\n\t<\/div><div class=\"kc-elm kc-css-630227 kc_text_block\"><\/p>\n<ul>\n<li>Cookies related with newsletter by e-mail<\/li>\n<\/ul>\n<p>This website offers e-mail or newsletter subscription services and cookies might be used to remember if you are already registered and if it must show certain valid notifications only to registered \/ not registered users.<\/p>\n<ul>\n<li>Cookies related to searches<\/li>\n<\/ul>\n<p>Reriodically we offer searches and questionnaires to supply interesting informations, useful tools or to understand our users base with more precision. Those searches can use cookies to remember who already participated in a search or to supply precise results after changes in pages.<\/p>\n<ul>\n<li>Cookies related to forms<\/li>\n<\/ul>\n<p>When you send data via a form, like those encountered on our contact pages or on the might be set to remember the filled data in a future use.<\/p>\n<ul>\n<li>Cookies de prefer\u00eancias do site<\/li>\n<\/ul>\n<p>Para proporcionar uma \u00f3tima experi\u00eancia neste site, fornecemos a funcionalidade para definir as suas prefer\u00eancias de como esse site \u00e9 executado quando o usa. Para lembrar as suas prefer\u00eancias, precisamos definir cookies para que essas informa\u00e7\u00f5es possam ser chamadas sempre que interagir com uma p\u00e1gina.<\/p>\n<p>\n<\/div><div class=\"af-title text-center\">\r\n\t<h3 class=\"af-heading\">THIRD-PARTY COOKIES<\/h3>\r\n\t<\/div><div class=\"kc-elm kc-css-804561 kc_text_block\"><\/p>\n<p>Em alguns casos especiais, tamb\u00e9m usamos cookies fornecidos por terceiros confi\u00e1veis. A se\u00e7\u00e3o a seguir detalha quais os cookies de terceiros que pode encontrar atrav\u00e9s deste site.<\/p>\n<ul>\n<li>Este site usa o Google Analytics, que \u00e9 uma das solu\u00e7\u00f5es de an\u00e1lise mais difundidas e confi\u00e1veis da Web, para nos ajudar a entender como usa o site e como podemos melhorar a sua experi\u00eancia. Esses cookies podem rastrear itens como quanto tempo gasta no site e as p\u00e1ginas visitadas, para que possamos continuar a produzir conte\u00fado atraente.<\/li>\n<\/ul>\n<p>\n<\/div><div class=\"af-title text-center\">\r\n\t<h3 class=\"af-heading\">USER COMMITMENT<\/h3>\r\n\t<\/div><div class=\"kc-elm kc-css-359328 kc_text_block\"><\/p>\n<p>O utilizador compromete-se a fazer uso adequado dos conte\u00fados e da informa\u00e7\u00e3o que a Trespassar.pt oferece no site e com car\u00e1ter enunciativo, mas n\u00e3o limitativo:<\/p>\n<ul>\n<li>a) N\u00e3o se envolver em atividades que sejam ilegais ou contr\u00e1rias \u00e0 boa f\u00e9 a \u00e0 ordem p\u00fablica;<\/li>\n<li>b) N\u00e3o difundir publicidade ou conte\u00fado de natureza racista, xenof\u00f3bica, ou casas de apostas, jogos de sorte e azar, qualquer tipo de pornografia ilegal, de apologia ao terrorismo ou contra os direitos humanos;<\/li>\n<li>c) N\u00e3o causar danos aos sistemas de hardware e software da Trespassar.pt, de seus fornecedores ou terceiros, para introduzir ou disseminar v\u00edrus inform\u00e1ticos ou quaisquer outros sistemas de hardware ou software que sejam capazes de causar danos anteriormente mencionados.<\/li>\n<\/ul>\n<p>\n<\/div><div class=\"af-title text-center\">\r\n\t<h3 class=\"af-heading\">MORE INFORMATIONS<\/h3>\r\n\t<\/div><div class=\"kc-elm kc-css-709689 kc_text_block\"><\/p>\n<p>Caso tenha alguma quest\u00e3o que n\u00e3o tenha sido esclarecida sobre o tratamento dos seus dados pode contactar-nos pelo email <a href=\"\/en\/info@localhost\/\">info@localhost<\/a>.<\/p>\n<p>\n<\/div><\/div><\/div><\/div><\/div><\/section>\n<\/p><\/body>","protected":false},"excerpt":{"rendered":"","protected":false},"author":1,"featured_media":0,"parent":0,"menu_order":0,"comment_status":"closed","ping_status":"closed","template":"page-tpl_full_width.php","meta":{"om_disable_all_campaigns":false,"_monsterinsights_skip_tracking":false,"_monsterinsights_sitenote_active":false,"_monsterinsights_sitenote_note":"","_monsterinsights_sitenote_category":0,"footnotes":""},"class_list":["post-1850","page","type-page","status-publish","hentry"],"yoast_head":"<!-- This site is optimized with the Yoast SEO plugin v25.6 - https:\/\/yoast.com\/wordpress\/plugins\/seo\/ -->\n<title>PRIVACIDADE - Trespassar.pt<\/title>\n<meta name=\"robots\" content=\"index, follow, max-snippet:-1, max-image-preview:large, max-video-preview:-1\" \/>\n<link rel=\"canonical\" href=\"https:\/\/dev.trespassar.pt\/en\/privacidade\/\" \/>\n<meta property=\"og:locale\" content=\"en_US\" \/>\n<meta property=\"og:type\" content=\"article\" \/>\n<meta property=\"og:title\" content=\"PRIVACIDADE - Trespassar.pt\" \/>\n<meta property=\"og:description\" content=\"POL\u00cdTICA DE PRIVACIDADE A sua privacidade \u00e9 importante para n\u00f3s. \u00c9 pol\u00edtica da Trespassar.pt respeitar a sua privacidade em rela\u00e7\u00e3o a qualquer informa\u00e7\u00e3o sua que possamos obter no nosso site e\/ou outros sites que possu\u00edmos e operamos. Apenas retemos as informa\u00e7\u00f5es obtidas pelo tempo necess\u00e1rio para fornecer o servi\u00e7o solicitado. Quando guardamos os seus dados,...\" \/>\n<meta property=\"og:url\" content=\"https:\/\/dev.trespassar.pt\/en\/privacidade\/\" \/>\n<meta property=\"og:site_name\" content=\"Trespassar.pt\" \/>\n<meta property=\"article:modified_time\" content=\"2021-09-01T16:32:13+00:00\" \/>\n<meta name=\"twitter:card\" content=\"summary_large_image\" \/>\n<meta name=\"twitter:label1\" content=\"Est. reading time\" \/>\n\t<meta name=\"twitter:data1\" content=\"4 minutes\" \/>\n<script type=\"application\/ld+json\" class=\"yoast-schema-graph\">{\"@context\":\"https:\/\/schema.org\",\"@graph\":[{\"@type\":\"WebPage\",\"@id\":\"https:\/\/dev.trespassar.pt\/privacidade\/\",\"url\":\"https:\/\/dev.trespassar.pt\/privacidade\/\",\"name\":\"PRIVACIDADE - Trespassar.pt\",\"isPartOf\":{\"@id\":\"https:\/\/dev.trespassar.pt\/#website\"},\"datePublished\":\"2021-08-16T12:48:33+00:00\",\"dateModified\":\"2021-09-01T16:32:13+00:00\",\"breadcrumb\":{\"@id\":\"https:\/\/dev.trespassar.pt\/privacidade\/#breadcrumb\"},\"inLanguage\":\"en-US\",\"potentialAction\":[{\"@type\":\"ReadAction\",\"target\":[\"https:\/\/dev.trespassar.pt\/privacidade\/\"]}]},{\"@type\":\"BreadcrumbList\",\"@id\":\"https:\/\/dev.trespassar.pt\/privacidade\/#breadcrumb\",\"itemListElement\":[{\"@type\":\"ListItem\",\"position\":1,\"name\":\"Home\",\"item\":\"https:\/\/dev.trespassar.pt\/\"},{\"@type\":\"ListItem\",\"position\":2,\"name\":\"PRIVACIDADE\"}]},{\"@type\":\"WebSite\",\"@id\":\"https:\/\/dev.trespassar.pt\/#website\",\"url\":\"https:\/\/dev.trespassar.pt\/\",\"name\":\"Trespassar.pt\",\"description\":\"\",\"potentialAction\":[{\"@type\":\"SearchAction\",\"target\":{\"@type\":\"EntryPoint\",\"urlTemplate\":\"https:\/\/dev.trespassar.pt\/?s={search_term_string}\"},\"query-input\":{\"@type\":\"PropertyValueSpecification\",\"valueRequired\":true,\"valueName\":\"search_term_string\"}}],\"inLanguage\":\"en-US\"}]}<\/script>\n<!-- \/ Yoast SEO plugin. -->","yoast_head_json":{"title":"PRIVACIDADE - Trespassar.pt","robots":{"index":"index","follow":"follow","max-snippet":"max-snippet:-1","max-image-preview":"max-image-preview:large","max-video-preview":"max-video-preview:-1"},"canonical":"https:\/\/dev.trespassar.pt\/en\/privacidade\/","og_locale":"en_US","og_type":"article","og_title":"PRIVACIDADE - Trespassar.pt","og_description":"POL\u00cdTICA DE PRIVACIDADE A sua privacidade \u00e9 importante para n\u00f3s. \u00c9 pol\u00edtica da Trespassar.pt respeitar a sua privacidade em rela\u00e7\u00e3o a qualquer informa\u00e7\u00e3o sua que possamos obter no nosso site e\/ou outros sites que possu\u00edmos e operamos. Apenas retemos as informa\u00e7\u00f5es obtidas pelo tempo necess\u00e1rio para fornecer o servi\u00e7o solicitado. Quando guardamos os seus dados,...","og_url":"https:\/\/dev.trespassar.pt\/en\/privacidade\/","og_site_name":"Trespassar.pt","article_modified_time":"2021-09-01T16:32:13+00:00","twitter_card":"summary_large_image","twitter_misc":{"Est. reading time":"4 minutes"},"schema":{"@context":"https:\/\/schema.org","@graph":[{"@type":"WebPage","@id":"https:\/\/dev.trespassar.pt\/privacidade\/","url":"https:\/\/dev.trespassar.pt\/privacidade\/","name":"PRIVACIDADE - Trespassar.pt","isPartOf":{"@id":"https:\/\/dev.trespassar.pt\/#website"},"datePublished":"2021-08-16T12:48:33+00:00","dateModified":"2021-09-01T16:32:13+00:00","breadcrumb":{"@id":"https:\/\/dev.trespassar.pt\/privacidade\/#breadcrumb"},"inLanguage":"en-US","potentialAction":[{"@type":"ReadAction","target":["https:\/\/dev.trespassar.pt\/privacidade\/"]}]},{"@type":"BreadcrumbList","@id":"https:\/\/dev.trespassar.pt\/privacidade\/#breadcrumb","itemListElement":[{"@type":"ListItem","position":1,"name":"Home","item":"https:\/\/dev.trespassar.pt\/"},{"@type":"ListItem","position":2,"name":"PRIVACIDADE"}]},{"@type":"WebSite","@id":"https:\/\/dev.trespassar.pt\/#website","url":"https:\/\/dev.trespassar.pt\/","name":"Trespassar.pt","description":"","potentialAction":[{"@type":"SearchAction","target":{"@type":"EntryPoint","urlTemplate":"https:\/\/dev.trespassar.pt\/?s={search_term_string}"},"query-input":{"@type":"PropertyValueSpecification","valueRequired":true,"valueName":"search_term_string"}}],"inLanguage":"en-US"}]}},"jetpack_sharing_enabled":true,"_links":{"self":[{"href":"https:\/\/dev.trespassar.pt\/en\/wp-json\/wp\/v2\/pages\/1850"}],"collection":[{"href":"https:\/\/dev.trespassar.pt\/en\/wp-json\/wp\/v2\/pages"}],"about":[{"href":"https:\/\/dev.trespassar.pt\/en\/wp-json\/wp\/v2\/types\/page"}],"author":[{"embeddable":true,"href":"https:\/\/dev.trespassar.pt\/en\/wp-json\/wp\/v2\/users\/1"}],"replies":[{"embeddable":true,"href":"https:\/\/dev.trespassar.pt\/en\/wp-json\/wp\/v2\/comments?post=1850"}],"version-history":[{"count":5,"href":"https:\/\/dev.trespassar.pt\/en\/wp-json\/wp\/v2\/pages\/1850\/revisions"}],"predecessor-version":[{"id":2116,"href":"https:\/\/dev.trespassar.pt\/en\/wp-json\/wp\/v2\/pages\/1850\/revisions\/2116"}],"wp:attachment":[{"href":"https:\/\/dev.trespassar.pt\/en\/wp-json\/wp\/v2\/media?parent=1850"}],"curies":[{"name":"wp","href":"https:\/\/api.w.org\/{rel}","templated":true}]}}